{"id":48722,"date":"2018-02-02T17:53:33","date_gmt":"2018-02-02T16:53:33","guid":{"rendered":"https:\/\/photographicdesign.eu\/blog\/"},"modified":"2023-04-06T12:39:01","modified_gmt":"2023-04-06T10:39:01","slug":"blog","status":"publish","type":"page","link":"https:\/\/photographicdesign.eu\/en\/blog\/","title":{"rendered":"Blog"},"content":{"rendered":"<p>[et_pb_section fb_built=&#8221;1&#8243; admin_label=&#8221;Hero&#8221; _builder_version=&#8221;4.16&#8243; background_color=&#8221;#4798ad&#8221; background_image=&#8221;https:\/\/photographicdesign.eu\/thisisit\/wp-content\/uploads\/2018\/01\/background-texture.jpg&#8221; background_blend=&#8221;multiply&#8221; custom_padding=&#8221;|||&#8221; animation_style=&#8221;zoom&#8221; animation_intensity_zoom=&#8221;4%&#8221; global_colors_info=&#8221;{}&#8221;][et_pb_row _builder_version=&#8221;4.16&#8243; background_blend=&#8221;multiply&#8221; custom_padding=&#8221;|||&#8221; animation_style=&#8221;slide&#8221; animation_direction=&#8221;top&#8221; animation_intensity_slide=&#8221;3%&#8221; global_colors_info=&#8221;{}&#8221;][et_pb_column type=&#8221;4_4&#8243; _builder_version=&#8221;4.16&#8243; custom_padding=&#8221;|||&#8221; global_colors_info=&#8221;{}&#8221; custom_padding__hover=&#8221;|||&#8221;][et_pb_text _builder_version=&#8221;4.16&#8243; header_font=&#8221;Montserrat|700||on|||||&#8221; header_text_color=&#8221;#f7f7f7&#8243; header_font_size=&#8221;60px&#8221; header_line_height=&#8221;1.3em&#8221; custom_margin=&#8221;|||&#8221; animation_style=&#8221;fade&#8221; header_font_size_last_edited=&#8221;off|desktop&#8221; locked=&#8221;off&#8221; global_colors_info=&#8221;{}&#8221;]<\/p>\n<h1>Notre blog<\/h1>\n<p>[\/et_pb_text][\/et_pb_column][\/et_pb_row][\/et_pb_section][et_pb_section fb_built=&#8221;1&#8243; admin_label=&#8221;Case Study Text&#8221; _builder_version=&#8221;4.16&#8243; custom_margin=&#8221;|||&#8221; custom_padding=&#8221;110px||30px|&#8221; global_colors_info=&#8221;{}&#8221;][et_pb_row _builder_version=&#8221;4.16&#8243; animation_style=&#8221;fade&#8221; global_colors_info=&#8221;{}&#8221;][et_pb_column type=&#8221;4_4&#8243; _builder_version=&#8221;4.16&#8243; custom_padding=&#8221;|||&#8221; global_colors_info=&#8221;{}&#8221; custom_padding__hover=&#8221;|||&#8221;][et_pb_text _builder_version=&#8221;4.19.4&#8243; text_font=&#8221;Montserrat||||&#8221; text_text_color=&#8221;#353740&#8243; text_font_size=&#8221;18px&#8221; text_line_height=&#8221;1.8em&#8221; animation_style=&#8221;flip&#8221; animation_intensity_flip=&#8221;20%&#8221; global_colors_info=&#8221;{}&#8221;]<\/p>\n<p>Retrouvez dans notre blog des articles qui vont vous donner des astuces pour am\u00e9liorer votre communication, vos photos, votre recherche d&#8217;un prestataire pour cr\u00e9er ou relooker votre site web.<\/p>\n<p>Nous pr\u00e9f\u00e9rons apprendre \u00e0 p\u00eacher que vendre du poisson. Nous vous d\u00e9voilons dans cette section quelques petits secrets qui peuvent vous \u00eatre tr\u00e8s utiles. Ce serait sympa \u00e0 vous de les partager et de les diffuser pour aider vos amis et\/ou vos coll\u00e8gues (ou vos coll\u00e8gues amis).<\/p>\n<p>[\/et_pb_text][\/et_pb_column][\/et_pb_row][\/et_pb_section][et_pb_section fb_built=&#8221;1&#8243; admin_label=&#8221;Other Recent Works Section&#8221; _builder_version=&#8221;4.16&#8243; background_color=&#8221;rgba(0,237,237,0.05)&#8221; custom_margin=&#8221;|||&#8221; custom_padding=&#8221;0px||120px|&#8221; global_colors_info=&#8221;{}&#8221;][et_pb_row use_custom_gutter=&#8221;on&#8221; gutter_width=&#8221;2&#8243; admin_label=&#8221;Other Recent Works Area&#8221; _builder_version=&#8221;4.16&#8243; max_width=&#8221;80%&#8221; use_custom_width=&#8221;on&#8221; width_unit=&#8221;off&#8221; global_colors_info=&#8221;{}&#8221;][et_pb_column type=&#8221;4_4&#8243; _builder_version=&#8221;4.16&#8243; custom_padding=&#8221;|||&#8221; global_colors_info=&#8221;{}&#8221; custom_padding__hover=&#8221;|||&#8221;][et_pb_blog fullwidth=&#8221;off&#8221; include_categories=&#8221;120,263,13&#8243; show_more=&#8221;on&#8221; show_date=&#8221;off&#8221; show_categories=&#8221;off&#8221; _builder_version=&#8221;4.20.4&#8243; _module_preset=&#8221;default&#8221; custom_css_read_more=&#8221;display: block;||border: 1px solid #0098B0;||text-align: center;||padding: 0.3rem;||border-radius: 3px;||margin-top: 1rem;&#8221; border_width_all=&#8221;0px&#8221; border_radii_image=&#8221;off|10px|10px||&#8221; box_shadow_style=&#8221;preset3&#8243; global_colors_info=&#8221;{}&#8221; show_author=&#8221;off&#8221;][\/et_pb_blog][\/et_pb_column][\/et_pb_row][\/et_pb_section]<\/p>\n","protected":false},"excerpt":{"rendered":"<p>Notre blog Retrouvez dans notre blog des articles qui vont vous donner des astuces pour am\u00e9liorer votre communication, vos photos, votre recherche d&#8217;un prestataire pour cr\u00e9er ou relooker votre site [&hellip;]<\/p>\n","protected":false},"author":2,"featured_media":0,"parent":0,"menu_order":0,"comment_status":"closed","ping_status":"closed","template":"","meta":{"_et_pb_use_builder":"on","_et_pb_old_content":"","_et_gb_content_width":"","jetpack_post_was_ever_published":false,"footnotes":""},"class_list":["post-48722","page","type-page","status-publish","hentry"],"yoast_head":"<!-- This site is optimized with the Yoast SEO plugin v27.3 - https:\/\/yoast.com\/product\/yoast-seo-wordpress\/ -->\n<title>Blog - photoGRAPHICdesign SRL<\/title>\n<meta name=\"robots\" content=\"index, follow, max-snippet:-1, max-image-preview:large, max-video-preview:-1\" \/>\n<link rel=\"canonical\" href=\"https:\/\/photographicdesign.eu\/en\/blog\/\" \/>\n<meta name=\"twitter:label1\" content=\"Est. reading time\" \/>\n\t<meta name=\"twitter:data1\" content=\"2 minutes\" \/>\n<script type=\"application\/ld+json\" class=\"yoast-schema-graph\">{\"@context\":\"https:\\\/\\\/schema.org\",\"@graph\":[{\"@type\":\"WebPage\",\"@id\":\"https:\\\/\\\/photographicdesign.eu\\\/en\\\/blog\\\/\",\"url\":\"https:\\\/\\\/photographicdesign.eu\\\/en\\\/blog\\\/\",\"name\":\"Blog - photoGRAPHICdesign SRL\",\"isPartOf\":{\"@id\":\"https:\\\/\\\/photographicdesign.eu\\\/en\\\/#website\"},\"datePublished\":\"2018-02-02T16:53:33+00:00\",\"dateModified\":\"2023-04-06T10:39:01+00:00\",\"breadcrumb\":{\"@id\":\"https:\\\/\\\/photographicdesign.eu\\\/en\\\/blog\\\/#breadcrumb\"},\"inLanguage\":\"en-US\",\"potentialAction\":[{\"@type\":\"ReadAction\",\"target\":[\"https:\\\/\\\/photographicdesign.eu\\\/en\\\/blog\\\/\"]}]},{\"@type\":\"BreadcrumbList\",\"@id\":\"https:\\\/\\\/photographicdesign.eu\\\/en\\\/blog\\\/#breadcrumb\",\"itemListElement\":[{\"@type\":\"ListItem\",\"position\":1,\"name\":\"Home\",\"item\":\"https:\\\/\\\/photographicdesign.eu\\\/en\\\/\"},{\"@type\":\"ListItem\",\"position\":2,\"name\":\"Blog\"}]},{\"@type\":\"WebSite\",\"@id\":\"https:\\\/\\\/photographicdesign.eu\\\/en\\\/#website\",\"url\":\"https:\\\/\\\/photographicdesign.eu\\\/en\\\/\",\"name\":\"photographicdesign SRL\",\"description\":\"layout, photography, web and communications experts specialized in action sports and travel\",\"potentialAction\":[{\"@type\":\"SearchAction\",\"target\":{\"@type\":\"EntryPoint\",\"urlTemplate\":\"https:\\\/\\\/photographicdesign.eu\\\/en\\\/?s={search_term_string}\"},\"query-input\":{\"@type\":\"PropertyValueSpecification\",\"valueRequired\":true,\"valueName\":\"search_term_string\"}}],\"inLanguage\":\"en-US\"}]}<\/script>\n<!-- \/ Yoast SEO plugin. -->","yoast_head_json":{"title":"Blog - photoGRAPHICdesign SRL","robots":{"index":"index","follow":"follow","max-snippet":"max-snippet:-1","max-image-preview":"max-image-preview:large","max-video-preview":"max-video-preview:-1"},"canonical":"https:\/\/photographicdesign.eu\/en\/blog\/","twitter_misc":{"Est. reading time":"2 minutes"},"schema":{"@context":"https:\/\/schema.org","@graph":[{"@type":"WebPage","@id":"https:\/\/photographicdesign.eu\/en\/blog\/","url":"https:\/\/photographicdesign.eu\/en\/blog\/","name":"Blog - photoGRAPHICdesign SRL","isPartOf":{"@id":"https:\/\/photographicdesign.eu\/en\/#website"},"datePublished":"2018-02-02T16:53:33+00:00","dateModified":"2023-04-06T10:39:01+00:00","breadcrumb":{"@id":"https:\/\/photographicdesign.eu\/en\/blog\/#breadcrumb"},"inLanguage":"en-US","potentialAction":[{"@type":"ReadAction","target":["https:\/\/photographicdesign.eu\/en\/blog\/"]}]},{"@type":"BreadcrumbList","@id":"https:\/\/photographicdesign.eu\/en\/blog\/#breadcrumb","itemListElement":[{"@type":"ListItem","position":1,"name":"Home","item":"https:\/\/photographicdesign.eu\/en\/"},{"@type":"ListItem","position":2,"name":"Blog"}]},{"@type":"WebSite","@id":"https:\/\/photographicdesign.eu\/en\/#website","url":"https:\/\/photographicdesign.eu\/en\/","name":"photographicdesign SRL","description":"layout, photography, web and communications experts specialized in action sports and travel","potentialAction":[{"@type":"SearchAction","target":{"@type":"EntryPoint","urlTemplate":"https:\/\/photographicdesign.eu\/en\/?s={search_term_string}"},"query-input":{"@type":"PropertyValueSpecification","valueRequired":true,"valueName":"search_term_string"}}],"inLanguage":"en-US"}]}},"jetpack_sharing_enabled":true,"jetpack_shortlink":"https:\/\/wp.me\/P9Bxdv-cFQ","jetpack_likes_enabled":true,"_links":{"self":[{"href":"https:\/\/photographicdesign.eu\/en\/wp-json\/wp\/v2\/pages\/48722","targetHints":{"allow":["GET"]}}],"collection":[{"href":"https:\/\/photographicdesign.eu\/en\/wp-json\/wp\/v2\/pages"}],"about":[{"href":"https:\/\/photographicdesign.eu\/en\/wp-json\/wp\/v2\/types\/page"}],"author":[{"embeddable":true,"href":"https:\/\/photographicdesign.eu\/en\/wp-json\/wp\/v2\/users\/2"}],"replies":[{"embeddable":true,"href":"https:\/\/photographicdesign.eu\/en\/wp-json\/wp\/v2\/comments?post=48722"}],"version-history":[{"count":5,"href":"https:\/\/photographicdesign.eu\/en\/wp-json\/wp\/v2\/pages\/48722\/revisions"}],"predecessor-version":[{"id":54271,"href":"https:\/\/photographicdesign.eu\/en\/wp-json\/wp\/v2\/pages\/48722\/revisions\/54271"}],"wp:attachment":[{"href":"https:\/\/photographicdesign.eu\/en\/wp-json\/wp\/v2\/media?parent=48722"}],"curies":[{"name":"wp","href":"https:\/\/api.w.org\/{rel}","templated":true}]}}